{"id":277,"date":"2022-05-03T22:16:56","date_gmt":"2022-05-03T22:16:56","guid":{"rendered":"https:\/\/dvisionart.com\/?page_id=277"},"modified":"2024-06-11T08:20:43","modified_gmt":"2024-06-11T08:20:43","slug":"about-us","status":"publish","type":"page","link":"https:\/\/www.dvisionart.com\/it\/about-us\/","title":{"rendered":"about us"},"content":{"rendered":"<div data-elementor-type=\"wp-page\" data-elementor-id=\"277\" class=\"elementor elementor-277\" data-elementor-post-type=\"page\">\n\t\t\t\t\t\t<section class=\"elementor-section elementor-top-section elementor-element elementor-element-bbbe741 elementor-section-boxed elementor-section-height-default elementor-section-height-default\" data-id=\"bbbe741\" data-element_type=\"section\" data-e-type=\"section\">\n\t\t\t\t\t\t<div class=\"elementor-container elementor-column-gap-default\">\n\t\t\t\t\t<div class=\"elementor-column elementor-col-50 elementor-top-column elementor-element elementor-element-d3fb1c9\" data-id=\"d3fb1c9\" data-element_type=\"column\" data-e-type=\"column\">\n\t\t\t<div class=\"elementor-widget-wrap elementor-element-populated\">\n\t\t\t\t\t\t<div class=\"elementor-element elementor-element-d82f7f4 elementor-widget elementor-widget-heading\" data-id=\"d82f7f4\" data-element_type=\"widget\" data-e-type=\"widget\" data-widget_type=\"heading.default\">\n\t\t\t\t<div class=\"elementor-widget-container\">\n\t\t\t\t\t<h2 class=\"elementor-heading-title elementor-size-default\">Chi siamo<\/h2>\t\t\t\t<\/div>\n\t\t\t\t<\/div>\n\t\t\t\t\t<\/div>\n\t\t<\/div>\n\t\t\t\t<div class=\"elementor-column elementor-col-50 elementor-top-column elementor-element elementor-element-95bbf1a\" data-id=\"95bbf1a\" data-element_type=\"column\" data-e-type=\"column\">\n\t\t\t<div class=\"elementor-widget-wrap elementor-element-populated\">\n\t\t\t\t\t\t<div class=\"elementor-element elementor-element-8885909 elementor-widget elementor-widget-image\" data-id=\"8885909\" data-element_type=\"widget\" data-e-type=\"widget\" data-widget_type=\"image.default\">\n\t\t\t\t<div class=\"elementor-widget-container\">\n\t\t\t\t\t\t\t\t\t\t\t\t\t\t\t<img fetchpriority=\"high\" decoding=\"async\" width=\"300\" height=\"225\" src=\"https:\/\/www.dvisionart.com\/wp-content\/uploads\/2022\/06\/6C0C73C3-F7A9-4C96-A400-E1517FDAF5C1-300x225.jpg\" class=\"attachment-medium size-medium wp-image-432\" alt=\"\" srcset=\"https:\/\/www.dvisionart.com\/wp-content\/uploads\/2022\/06\/6C0C73C3-F7A9-4C96-A400-E1517FDAF5C1-300x225.jpg 300w, https:\/\/www.dvisionart.com\/wp-content\/uploads\/2022\/06\/6C0C73C3-F7A9-4C96-A400-E1517FDAF5C1-600x450.jpg 600w, https:\/\/www.dvisionart.com\/wp-content\/uploads\/2022\/06\/6C0C73C3-F7A9-4C96-A400-E1517FDAF5C1-1024x768.jpg 1024w, https:\/\/www.dvisionart.com\/wp-content\/uploads\/2022\/06\/6C0C73C3-F7A9-4C96-A400-E1517FDAF5C1-768x576.jpg 768w, https:\/\/www.dvisionart.com\/wp-content\/uploads\/2022\/06\/6C0C73C3-F7A9-4C96-A400-E1517FDAF5C1-1536x1152.jpg 1536w, https:\/\/www.dvisionart.com\/wp-content\/uploads\/2022\/06\/6C0C73C3-F7A9-4C96-A400-E1517FDAF5C1.jpg 1600w\" sizes=\"(max-width: 300px) 100vw, 300px\" \/>\t\t\t\t\t\t\t\t\t\t\t\t\t\t\t<\/div>\n\t\t\t\t<\/div>\n\t\t\t\t\t<\/div>\n\t\t<\/div>\n\t\t\t\t\t<\/div>\n\t\t<\/section>\n\t\t\t\t<section class=\"elementor-section elementor-top-section elementor-element elementor-element-5a29856 elementor-section-boxed elementor-section-height-default elementor-section-height-default\" data-id=\"5a29856\" data-element_type=\"section\" data-e-type=\"section\">\n\t\t\t\t\t\t<div class=\"elementor-container elementor-column-gap-default\">\n\t\t\t\t\t<div class=\"elementor-column elementor-col-100 elementor-top-column elementor-element elementor-element-5d64db4\" data-id=\"5d64db4\" data-element_type=\"column\" data-e-type=\"column\">\n\t\t\t<div class=\"elementor-widget-wrap elementor-element-populated\">\n\t\t\t\t\t\t<div class=\"elementor-element elementor-element-be5604c elementor-widget elementor-widget-text-editor\" data-id=\"be5604c\" data-element_type=\"widget\" data-e-type=\"widget\" data-widget_type=\"text-editor.default\">\n\t\t\t\t<div class=\"elementor-widget-container\">\n\t\t\t\t\t\t\t\t\tDave, il creatore di questa pagina, non vede l'ora di condividere con te la sua visione del mondo.\n<div dir=\"auto\">\n\n&nbsp;\n<div dir=\"auto\">Due parole su di me:<\/div>\n<div dir=\"auto\">La passione per la creazione e per tutto ci\u00f2 che pu\u00f2 essere trasformato mi accompagna fin dalla pi\u00f9 tenera et\u00e0.<\/div>\n<div dir=\"auto\">Il bisogno di dipingere era talmente impellente che ricevetti da mia madre il mio primo ceffone quando, ovviamente, mi sorprese a pasticciare sotto il tavolo.<\/div>\n<div dir=\"auto\">Ho continuato a seguire questa passione anche da ragazzo, realizzando graffiti e sognando, un giorno, di poter viaggiare in tutto il mondo lasciandone un segnale tangibile attraverso la mia arte.<\/div>\n<div dir=\"auto\">Ripensando a quel tempo, mai avrei potuto immaginare di ritrovarmi un giorno a Londra per lavorare come artista, soprattutto quando le persone intorno a te non ti supportano e considerano i tuoi sogni nulla pi\u00f9 che una bambinata che non pu\u00f2 certo darti da vivere come un'altra qualsiasi \"normale\" carriera.<\/div>\n<div dir=\"auto\">La strada non \u00e8 per\u00f2 stata priva di ostacoli: ci sono voluti circa tredici anni passati tra notti insonni, continui trasferimenti all'estero, momenti di coraggio ed errori, tanti errori.\nAlla fine per\u00f2, quando hai un punto fermo a farti andare davanti, tutti gli sforzi non possono fare altro che condurti verso il tuo obiettivo.<\/div>\n<div dir=\"auto\">A Londra sono finalmente riuscito a prendere in mano la mia vita grazie a tante persone che, come me, credono ai propri sogni e ti aiutano a renderli reali, vivendo con le proprie regole e i propri valori, disposte a condividere e a creare insieme, a ispirarti e motivarti.<\/div>\n<div dir=\"auto\">Questo viaggio non sarebbe stato possibile senza Ly, la mia piccola met\u00e0. DI fatto, penso che persone con le medesime attitudini siano destinate ad incontrarsi e sorrido ancora se penso che la nostra passione comune sia emersa soltanto anni dopo rispetto alla nostra conoscienza.<\/div>\n<div dir=\"auto\">Arrivato a questo punto della mia vita, con tante esperienze che ancora mi attendono, posso finalmente definirmi soddisfatto e pronto a condividere la mia grande pi\u00f9 passione in maniera pi\u00f9 approfondita.<\/div>\n<div dir=\"auto\">Attraverso DVisionart mi piacerebbe unire le persone sotto un'ultimo grande obiettivo... creare una piattaforma e una comunit\u00e0 che non smetta di inseguire il sogno di portare l'Arte, quella con la A maiuscola, ad un livello superiore.<\/div>\n<div dir=\"auto\"><\/div>\n<div dir=\"auto\">Su questa piattaforma potrai trovare le creazioni di Marco Pianta Design: incredibile artista, llustratore fenomenale e, non ultimo, mio fratello. Con lui combiniamo arte e Design per creare un nuovo concept dello spazio che ci circonda.<\/div>\n<div dir=\"auto\">Sperimenterai anche le abilit\u00e0 di Juan \"onemorepoly\", un artista in grado di dare letteralmente vita alle sue creazioni grazie alle sue abilit\u00e0 di Design 3D.<\/div>\n<div dir=\"auto\" class=\"translation-block\">SEGUI IL NOSTRO VIAGGIO! <img class=\"an1\" src=\"https:\/\/fonts.gstatic.com\/s\/e\/notoemoji\/15.0\/2728\/32.png\" alt=\"\u2728\" data-emoji=\"\u2728\" aria-label=\"\u2728\">\ufe0f<\/div>\n<div dir=\"auto\"><\/div>\n<div dir=\"auto\">Il nostro main point di contatto in UK per il merchandising sar\u00e0 il Graff Shop \"Wildstyle Caf\u00e9\" a Stockwell, di propriet\u00e0 del nostro grande partner chips_cdsk.<\/div>\n<div dir=\"auto\"><\/div>\n<div dir=\"auto\">Un altro grande progetto che abbiamo in cantiere \u00e8 quello di creare una sorta di podcast con interviste ad altri artisti, per conoscerli, permettergli di condividere la loro visione artistica, le loro opinioni e per cercare di creare una comunit\u00e0 viva, pulsante e supportiva per chiunque voglia dipingere.<\/div>\n<div dir=\"auto\"><\/div>\n<div dir=\"auto\">Non esitare e contattaci subito per diventare parte della community DVisionart!<\/div>\n<div dir=\"auto\"><\/div>\n<div dir=\"auto\">Bella,<br>\n<br>\nDave<\/div>\n<div class=\"yj6qo\"><\/div>\n<div class=\"adL\" dir=\"auto\"><\/div>\n<\/div>\t\t\t\t\t\t\t\t<\/div>\n\t\t\t\t<\/div>\n\t\t\t\t\t<\/div>\n\t\t<\/div>\n\t\t\t\t\t<\/div>\n\t\t<\/section>\n\t\t\t\t<section class=\"elementor-section elementor-top-section elementor-element elementor-element-bcfbe35 elementor-section-boxed elementor-section-height-default elementor-section-height-default\" data-id=\"bcfbe35\" data-element_type=\"section\" data-e-type=\"section\">\n\t\t\t\t\t\t<div class=\"elementor-container elementor-column-gap-default\">\n\t\t\t\t\t<div class=\"elementor-column elementor-col-50 elementor-top-column elementor-element elementor-element-d098ea6\" data-id=\"d098ea6\" data-element_type=\"column\" data-e-type=\"column\">\n\t\t\t<div class=\"elementor-widget-wrap elementor-element-populated\">\n\t\t\t\t\t\t<div class=\"elementor-element elementor-element-ff5cae3 elementor-widget elementor-widget-image\" data-id=\"ff5cae3\" data-element_type=\"widget\" data-e-type=\"widget\" data-widget_type=\"image.default\">\n\t\t\t\t<div class=\"elementor-widget-container\">\n\t\t\t\t\t\t\t\t\t\t\t\t\t\t\t<img decoding=\"async\" width=\"760\" height=\"1013\" src=\"https:\/\/www.dvisionart.com\/wp-content\/uploads\/2022\/07\/IMG_5615-768x1024.jpeg\" class=\"attachment-large size-large wp-image-797\" alt=\"\" srcset=\"https:\/\/www.dvisionart.com\/wp-content\/uploads\/2022\/07\/IMG_5615-768x1024.jpeg 768w, https:\/\/www.dvisionart.com\/wp-content\/uploads\/2022\/07\/IMG_5615-600x800.jpeg 600w, https:\/\/www.dvisionart.com\/wp-content\/uploads\/2022\/07\/IMG_5615-225x300.jpeg 225w, https:\/\/www.dvisionart.com\/wp-content\/uploads\/2022\/07\/IMG_5615-1152x1536.jpeg 1152w, https:\/\/www.dvisionart.com\/wp-content\/uploads\/2022\/07\/IMG_5615.jpeg 1536w\" sizes=\"(max-width: 760px) 100vw, 760px\" \/>\t\t\t\t\t\t\t\t\t\t\t\t\t\t\t<\/div>\n\t\t\t\t<\/div>\n\t\t\t\t\t<\/div>\n\t\t<\/div>\n\t\t\t\t<div class=\"elementor-column elementor-col-50 elementor-top-column elementor-element elementor-element-d7237d7\" data-id=\"d7237d7\" data-element_type=\"column\" data-e-type=\"column\">\n\t\t\t<div class=\"elementor-widget-wrap elementor-element-populated\">\n\t\t\t\t\t\t<div class=\"elementor-element elementor-element-149209a elementor-widget elementor-widget-image\" data-id=\"149209a\" data-element_type=\"widget\" data-e-type=\"widget\" data-widget_type=\"image.default\">\n\t\t\t\t<div class=\"elementor-widget-container\">\n\t\t\t\t\t\t\t\t\t\t\t\t\t\t\t<img decoding=\"async\" width=\"760\" height=\"1013\" src=\"https:\/\/www.dvisionart.com\/wp-content\/uploads\/2022\/07\/IMG_5657-768x1024.jpeg\" class=\"attachment-large size-large wp-image-798\" alt=\"\" srcset=\"https:\/\/www.dvisionart.com\/wp-content\/uploads\/2022\/07\/IMG_5657-768x1024.jpeg 768w, https:\/\/www.dvisionart.com\/wp-content\/uploads\/2022\/07\/IMG_5657-600x800.jpeg 600w, https:\/\/www.dvisionart.com\/wp-content\/uploads\/2022\/07\/IMG_5657-225x300.jpeg 225w, https:\/\/www.dvisionart.com\/wp-content\/uploads\/2022\/07\/IMG_5657-1152x1536.jpeg 1152w, https:\/\/www.dvisionart.com\/wp-content\/uploads\/2022\/07\/IMG_5657.jpeg 1536w\" sizes=\"(max-width: 760px) 100vw, 760px\" \/>\t\t\t\t\t\t\t\t\t\t\t\t\t\t\t<\/div>\n\t\t\t\t<\/div>\n\t\t\t\t\t<\/div>\n\t\t<\/div>\n\t\t\t\t\t<\/div>\n\t\t<\/section>\n\t\t\t\t<section class=\"elementor-section elementor-top-section elementor-element elementor-element-9a5d49b elementor-section-boxed elementor-section-height-default elementor-section-height-default\" data-id=\"9a5d49b\" data-element_type=\"section\" data-e-type=\"section\">\n\t\t\t\t\t\t<div class=\"elementor-container elementor-column-gap-default\">\n\t\t\t\t\t<div class=\"elementor-column elementor-col-50 elementor-top-column elementor-element elementor-element-f772147\" data-id=\"f772147\" data-element_type=\"column\" data-e-type=\"column\">\n\t\t\t<div class=\"elementor-widget-wrap elementor-element-populated\">\n\t\t\t\t\t\t\t<\/div>\n\t\t<\/div>\n\t\t\t\t<div class=\"elementor-column elementor-col-50 elementor-top-column elementor-element elementor-element-a1eb179\" data-id=\"a1eb179\" data-element_type=\"column\" data-e-type=\"column\">\n\t\t\t<div class=\"elementor-widget-wrap\">\n\t\t\t\t\t\t\t<\/div>\n\t\t<\/div>\n\t\t\t\t\t<\/div>\n\t\t<\/section>\n\t\t\t\t<section class=\"elementor-section elementor-top-section elementor-element elementor-element-9bb43c5 elementor-section-boxed elementor-section-height-default elementor-section-height-default\" data-id=\"9bb43c5\" data-element_type=\"section\" data-e-type=\"section\" data-settings=\"{&quot;background_background&quot;:&quot;classic&quot;}\">\n\t\t\t\t\t\t<div class=\"elementor-container elementor-column-gap-default\">\n\t\t\t\t\t<div class=\"elementor-column elementor-col-100 elementor-top-column elementor-element elementor-element-d2817b9\" data-id=\"d2817b9\" data-element_type=\"column\" data-e-type=\"column\">\n\t\t\t<div class=\"elementor-widget-wrap elementor-element-populated\">\n\t\t\t\t\t\t<div class=\"elementor-element elementor-element-076f0f3 elementor-widget elementor-widget-heading\" data-id=\"076f0f3\" data-element_type=\"widget\" data-e-type=\"widget\" data-widget_type=\"heading.default\">\n\t\t\t\t<div class=\"elementor-widget-container\">\n\t\t\t\t\t<h2 class=\"elementor-heading-title elementor-size-default\">Social<\/h2>\t\t\t\t<\/div>\n\t\t\t\t<\/div>\n\t\t\t\t\t<\/div>\n\t\t<\/div>\n\t\t\t\t\t<\/div>\n\t\t<\/section>\n\t\t\t\t<section class=\"elementor-section elementor-top-section elementor-element elementor-element-caa824e elementor-section-boxed elementor-section-height-default elementor-section-height-default\" data-id=\"caa824e\" data-element_type=\"section\" data-e-type=\"section\" data-settings=\"{&quot;background_background&quot;:&quot;classic&quot;}\">\n\t\t\t\t\t\t<div class=\"elementor-container elementor-column-gap-default\">\n\t\t\t\t\t<div class=\"elementor-column elementor-col-50 elementor-top-column elementor-element elementor-element-0774b27\" data-id=\"0774b27\" data-element_type=\"column\" data-e-type=\"column\">\n\t\t\t<div class=\"elementor-widget-wrap elementor-element-populated\">\n\t\t\t\t\t\t<div class=\"elementor-element elementor-element-0d8c08a elementor-widget elementor-widget-heading\" data-id=\"0d8c08a\" data-element_type=\"widget\" data-e-type=\"widget\" data-widget_type=\"heading.default\">\n\t\t\t\t<div class=\"elementor-widget-container\">\n\t\t\t\t\t<p class=\"elementor-heading-title elementor-size-default\"><b>Dave Plant<\/b><\/p>\t\t\t\t<\/div>\n\t\t\t\t<\/div>\n\t\t\t\t\t<\/div>\n\t\t<\/div>\n\t\t\t\t<div class=\"elementor-column elementor-col-50 elementor-top-column elementor-element elementor-element-7f8c7aa\" data-id=\"7f8c7aa\" data-element_type=\"column\" data-e-type=\"column\">\n\t\t\t<div class=\"elementor-widget-wrap elementor-element-populated\">\n\t\t\t\t\t\t<div class=\"elementor-element elementor-element-4068fcc elementor-shape-circle e-grid-align-right elementor-grid-0 elementor-widget elementor-widget-social-icons\" data-id=\"4068fcc\" data-element_type=\"widget\" data-e-type=\"widget\" data-widget_type=\"social-icons.default\">\n\t\t\t\t<div class=\"elementor-widget-container\">\n\t\t\t\t\t\t\t<div class=\"elementor-social-icons-wrapper elementor-grid\" role=\"list\">\n\t\t\t\t\t\t\t<span class=\"elementor-grid-item\" role=\"listitem\">\n\t\t\t\t\t<a class=\"elementor-icon elementor-social-icon elementor-social-icon-instagram elementor-repeater-item-e357254\" href=\"https:\/\/instagram.com\/dave_plants?igshid=YzAyZWRlMzg=\" target=\"_blank\">\n\t\t\t\t\t\t<span class=\"elementor-screen-only\">Instagram<\/span>\n\t\t\t\t\t\t<i aria-hidden=\"true\" class=\"fab fa-instagram\"><\/i>\t\t\t\t\t<\/a>\n\t\t\t\t<\/span>\n\t\t\t\t\t\t\t<span class=\"elementor-grid-item\" role=\"listitem\">\n\t\t\t\t\t<a class=\"elementor-icon elementor-social-icon elementor-social-icon-facebook elementor-repeater-item-b5fae27\" href=\"https:\/\/www.facebook.com\/david.plant.7547\" target=\"_blank\">\n\t\t\t\t\t\t<span class=\"elementor-screen-only\">Facebook<\/span>\n\t\t\t\t\t\t<i aria-hidden=\"true\" class=\"fab fa-facebook\"><\/i>\t\t\t\t\t<\/a>\n\t\t\t\t<\/span>\n\t\t\t\t\t<\/div>\n\t\t\t\t\t\t<\/div>\n\t\t\t\t<\/div>\n\t\t\t\t\t<\/div>\n\t\t<\/div>\n\t\t\t\t\t<\/div>\n\t\t<\/section>\n\t\t\t\t<section class=\"elementor-section elementor-top-section elementor-element elementor-element-3feba26 elementor-section-boxed elementor-section-height-default elementor-section-height-default\" data-id=\"3feba26\" data-element_type=\"section\" data-e-type=\"section\" data-settings=\"{&quot;background_background&quot;:&quot;classic&quot;}\">\n\t\t\t\t\t\t<div class=\"elementor-container elementor-column-gap-default\">\n\t\t\t\t\t<div class=\"elementor-column elementor-col-50 elementor-top-column elementor-element elementor-element-84f18a5\" data-id=\"84f18a5\" data-element_type=\"column\" data-e-type=\"column\">\n\t\t\t<div class=\"elementor-widget-wrap elementor-element-populated\">\n\t\t\t\t\t\t<div class=\"elementor-element elementor-element-b1204b4 elementor-widget elementor-widget-heading\" data-id=\"b1204b4\" data-element_type=\"widget\" data-e-type=\"widget\" data-widget_type=\"heading.default\">\n\t\t\t\t<div class=\"elementor-widget-container\">\n\t\t\t\t\t<p class=\"elementor-heading-title elementor-size-default\"><b>Curiouser<\/b><\/p>\t\t\t\t<\/div>\n\t\t\t\t<\/div>\n\t\t\t\t\t<\/div>\n\t\t<\/div>\n\t\t\t\t<div class=\"elementor-column elementor-col-50 elementor-top-column elementor-element elementor-element-1e35505\" data-id=\"1e35505\" data-element_type=\"column\" data-e-type=\"column\">\n\t\t\t<div class=\"elementor-widget-wrap elementor-element-populated\">\n\t\t\t\t\t\t<div class=\"elementor-element elementor-element-7d7c29a elementor-shape-circle e-grid-align-right elementor-grid-0 elementor-widget elementor-widget-social-icons\" data-id=\"7d7c29a\" data-element_type=\"widget\" data-e-type=\"widget\" data-widget_type=\"social-icons.default\">\n\t\t\t\t<div class=\"elementor-widget-container\">\n\t\t\t\t\t\t\t<div class=\"elementor-social-icons-wrapper elementor-grid\">\n\t\t\t\t\t\t\t<span class=\"elementor-grid-item\">\n\t\t\t\t\t<a class=\"elementor-icon elementor-social-icon elementor-social-icon-instagram elementor-repeater-item-e357254\" href=\"https:\/\/instagram.com\/curiouser.and.curiouser3?igshid=YmMyMTA2M2Y=\" target=\"_blank\">\n\t\t\t\t\t\t<span class=\"elementor-screen-only\">Instagram<\/span>\n\t\t\t\t\t\t<i aria-hidden=\"true\" class=\"fab fa-instagram\"><\/i>\t\t\t\t\t<\/a>\n\t\t\t\t<\/span>\n\t\t\t\t\t<\/div>\n\t\t\t\t\t\t<\/div>\n\t\t\t\t<\/div>\n\t\t\t\t\t<\/div>\n\t\t<\/div>\n\t\t\t\t\t<\/div>\n\t\t<\/section>\n\t\t\t\t<\/div>","protected":false},"excerpt":{"rendered":"<p>About us The Creator of this page is Dave, who wanted to share his vision with the world. &nbsp; Something about me: &#8220;The passion to create, the drive to make something different started to nourish at a very young age. I was just a little boy when i got my first slap as i was<\/p>\n<p class=\"more-link-wrapper\"><a href=\"https:\/\/www.dvisionart.com\/it\/about-us\/\" class=\"more-link\">Continua a leggere<span class=\"screen-reader-text\"> &#8220;about us&#8221;<\/span><\/a><\/p>","protected":false},"author":1,"featured_media":0,"parent":0,"menu_order":0,"comment_status":"closed","ping_status":"closed","template":"","meta":{"inline_featured_image":false,"footnotes":""},"class_list":["post-277","page","type-page","status-publish","hentry"],"_links":{"self":[{"href":"https:\/\/www.dvisionart.com\/it\/wp-json\/wp\/v2\/pages\/277","targetHints":{"allow":["GET"]}}],"collection":[{"href":"https:\/\/www.dvisionart.com\/it\/wp-json\/wp\/v2\/pages"}],"about":[{"href":"https:\/\/www.dvisionart.com\/it\/wp-json\/wp\/v2\/types\/page"}],"author":[{"embeddable":true,"href":"https:\/\/www.dvisionart.com\/it\/wp-json\/wp\/v2\/users\/1"}],"replies":[{"embeddable":true,"href":"https:\/\/www.dvisionart.com\/it\/wp-json\/wp\/v2\/comments?post=277"}],"version-history":[{"count":62,"href":"https:\/\/www.dvisionart.com\/it\/wp-json\/wp\/v2\/pages\/277\/revisions"}],"predecessor-version":[{"id":1427,"href":"https:\/\/www.dvisionart.com\/it\/wp-json\/wp\/v2\/pages\/277\/revisions\/1427"}],"wp:attachment":[{"href":"https:\/\/www.dvisionart.com\/it\/wp-json\/wp\/v2\/media?parent=277"}],"curies":[{"name":"wp","href":"https:\/\/api.w.org\/{rel}","templated":true}]}}